{"id":3300,"date":"2020-03-27T11:58:18","date_gmt":"2020-03-27T11:58:18","guid":{"rendered":"https:\/\/wp.dcswiss.com\/ueber-uns\/"},"modified":"2022-06-17T13:56:37","modified_gmt":"2022-06-17T13:56:37","slug":"ueber-uns","status":"publish","type":"page","link":"https:\/\/www.dcswiss.com\/de\/ueber-uns\/","title":{"rendered":"\u00dcber uns"},"content":{"rendered":"<h3>Unser Versprechen<\/h3>\n<p>Die DC SWISS SA verf\u00fcgt \u00fcber hohe Fachkompetenzen und langj\u00e4hrige Erfahrung auf dem Gebiet der Gewindeschneidtechnologie und geniesst dabei internationales Ansehen. Im Vergleich zu anderen Fertigungsarten, wie beispielsweise dem Drehen und Fr\u00e4sen, unterliegt das Gewindeschneiden komplexeren Anforderungen. Nebst den Gewindenormen beeinflussen viele fertigungstechnische Nebeneinfl\u00fcsse, wie z.B. die Spanabfuhr oder die K\u00fchlmittelzufuhr, die Konzeption des Gewindeschneidwerkzeuges. Doch die eigentliche Werkzeugperformance ergibt sich durch das Zusammenwirken zwischen der Schneidegeometrie, der hohen, gleich bleibenden Werkzeugwerkstoffqualit\u00e4t sowie der richtigen Verwendung von leistungssteigernden Oberfl\u00e4chenbeschichtungen.<\/p>\n<p>Die Gewindewerkzeuge von DC werden nach den modernsten und neusten Produktionstechnologien hergestellt und garantieren Ihnen so eine kostensparende und prozesssichere Fertigung.<\/p>\n<p>Ihre Anliegen sowie Ihre Qualit\u00e4tsanspr\u00fcche stehen im Zentrum der Weiterentwicklung unserer Pr\u00e4zisionswerkzeuge und unserer gesamten Angebotsleistung. Teilen Sie uns Ihre Bed\u00fcrfnisse mit, denn wir sind es gewohnt, die zielorientierte Weiterentwicklung von Hochleistungs-Gewindewerkzeugen st\u00e4ndig voran zu treiben, damit Sie einzig die beste L\u00f6sung f\u00fcr Ihre Anwendung erhalten!<\/p>\n<p>Vertrauen Sie auf<strong> unsere St\u00e4rken<\/strong>, diese sind <strong>Ihr Vorteil!<\/strong><\/p>\n<p>\u00a9 DC SWISS SA<\/p>\n","protected":false},"excerpt":{"rendered":"<p>Unser Versprechen Die DC SWISS SA verf\u00fcgt \u00fcber hohe Fachkompetenzen und langj\u00e4hrige Erfahrung auf dem Gebiet der Gewindeschneidtechnologie und geniesst dabei internationales Ansehen. Im Vergleich zu anderen Fertigungsarten, wie beispielsweise dem Drehen und Fr\u00e4sen, unterliegt das Gewindeschneiden komplexeren Anforderungen. Nebst den Gewindenormen beeinflussen viele fertigungstechnische Nebeneinfl\u00fcsse, wie z.B. die Spanabfuhr oder die K\u00fchlmittelzufuhr, die Konzeption [&hellip;]<\/p>\n","protected":false},"author":2,"featured_media":0,"parent":0,"menu_order":0,"comment_status":"closed","ping_status":"closed","template":"page-templates\/template-about.php","meta":{"_acf_changed":false,"footnotes":""},"class_list":["post-3300","page","type-page","status-publish","hentry"],"acf":[],"yoast_head":"<!-- This site is optimized with the Yoast SEO plugin v27.5 - https:\/\/yoast.com\/product\/yoast-seo-wordpress\/ -->\r\n<title>\u00dcber uns - DC SWISS<\/title>\r\n<meta name=\"robots\" content=\"index, follow, max-snippet:-1, max-image-preview:large, max-video-preview:-1\" \/>\r\n<link rel=\"canonical\" href=\"https:\/\/www.dcswiss.com\/de\/ueber-uns\/\" \/>\r\n<meta property=\"og:locale\" content=\"de_DE\" \/>\r\n<meta property=\"og:type\" content=\"article\" \/>\r\n<meta property=\"og:title\" content=\"\u00dcber uns - DC SWISS\" \/>\r\n<meta property=\"og:description\" content=\"Unser Versprechen Die DC SWISS SA verf\u00fcgt \u00fcber hohe Fachkompetenzen und langj\u00e4hrige Erfahrung auf dem Gebiet der Gewindeschneidtechnologie und geniesst dabei internationales Ansehen. Im Vergleich zu anderen Fertigungsarten, wie beispielsweise dem Drehen und Fr\u00e4sen, unterliegt das Gewindeschneiden komplexeren Anforderungen. Nebst den Gewindenormen beeinflussen viele fertigungstechnische Nebeneinfl\u00fcsse, wie z.B. die Spanabfuhr oder die K\u00fchlmittelzufuhr, die Konzeption [&hellip;]\" \/>\r\n<meta property=\"og:url\" content=\"https:\/\/www.dcswiss.com\/de\/ueber-uns\/\" \/>\r\n<meta property=\"og:site_name\" content=\"DC SWISS\" \/>\r\n<meta property=\"article:publisher\" content=\"https:\/\/www.facebook.com\/DCSWISSsa\" \/>\r\n<meta property=\"article:modified_time\" content=\"2022-06-17T13:56:37+00:00\" \/>\r\n<meta property=\"og:image\" content=\"https:\/\/www.dcswiss.com\/wp-content\/uploads\/2023\/05\/HEADER_QTAP-scaled.jpg\" \/>\r\n\t<meta property=\"og:image:width\" content=\"2560\" \/>\r\n\t<meta property=\"og:image:height\" content=\"1707\" \/>\r\n\t<meta property=\"og:image:type\" content=\"image\/jpeg\" \/>\r\n<meta name=\"twitter:card\" content=\"summary_large_image\" \/>\r\n<meta name=\"twitter:label1\" content=\"Gesch\u00e4tzte Lesezeit\" \/>\n\t<meta name=\"twitter:data1\" content=\"1\u00a0Minute\" \/>\r\n<script type=\"application\/ld+json\" class=\"yoast-schema-graph\">{\"@context\":\"https:\\\/\\\/schema.org\",\"@graph\":[{\"@type\":\"WebPage\",\"@id\":\"https:\\\/\\\/www.dcswiss.com\\\/de\\\/ueber-uns\\\/\",\"url\":\"https:\\\/\\\/www.dcswiss.com\\\/de\\\/ueber-uns\\\/\",\"name\":\"\u00dcber uns - DC SWISS\",\"isPartOf\":{\"@id\":\"https:\\\/\\\/www.dcswiss.com\\\/de\\\/#website\"},\"datePublished\":\"2020-03-27T11:58:18+00:00\",\"dateModified\":\"2022-06-17T13:56:37+00:00\",\"breadcrumb\":{\"@id\":\"https:\\\/\\\/www.dcswiss.com\\\/de\\\/ueber-uns\\\/#breadcrumb\"},\"inLanguage\":\"de\",\"potentialAction\":[{\"@type\":\"ReadAction\",\"target\":[\"https:\\\/\\\/www.dcswiss.com\\\/de\\\/ueber-uns\\\/\"]}]},{\"@type\":\"BreadcrumbList\",\"@id\":\"https:\\\/\\\/www.dcswiss.com\\\/de\\\/ueber-uns\\\/#breadcrumb\",\"itemListElement\":[{\"@type\":\"ListItem\",\"position\":1,\"name\":\"Home\",\"item\":\"https:\\\/\\\/www.dcswiss.com\\\/de\\\/\"},{\"@type\":\"ListItem\",\"position\":2,\"name\":\"\u00dcber uns\"}]},{\"@type\":\"WebSite\",\"@id\":\"https:\\\/\\\/www.dcswiss.com\\\/de\\\/#website\",\"url\":\"https:\\\/\\\/www.dcswiss.com\\\/de\\\/\",\"name\":\"DC SWISS\",\"description\":\"Threading Solutions\",\"publisher\":{\"@id\":\"https:\\\/\\\/www.dcswiss.com\\\/de\\\/#organization\"},\"potentialAction\":[{\"@type\":\"SearchAction\",\"target\":{\"@type\":\"EntryPoint\",\"urlTemplate\":\"https:\\\/\\\/www.dcswiss.com\\\/de\\\/?s={search_term_string}\"},\"query-input\":{\"@type\":\"PropertyValueSpecification\",\"valueRequired\":true,\"valueName\":\"search_term_string\"}}],\"inLanguage\":\"de\"},{\"@type\":\"Organization\",\"@id\":\"https:\\\/\\\/www.dcswiss.com\\\/de\\\/#organization\",\"name\":\"DC SWISS SA\",\"url\":\"https:\\\/\\\/www.dcswiss.com\\\/de\\\/\",\"logo\":{\"@type\":\"ImageObject\",\"inLanguage\":\"de\",\"@id\":\"https:\\\/\\\/www.dcswiss.com\\\/de\\\/#\\\/schema\\\/logo\\\/image\\\/\",\"url\":\"https:\\\/\\\/www.dcswiss.com\\\/wp-content\\\/uploads\\\/2021\\\/08\\\/DCSwiss_Logo_RVB_2018_ThreadingSolutions-3.svg\",\"contentUrl\":\"https:\\\/\\\/www.dcswiss.com\\\/wp-content\\\/uploads\\\/2021\\\/08\\\/DCSwiss_Logo_RVB_2018_ThreadingSolutions-3.svg\",\"width\":294,\"height\":192,\"caption\":\"DC SWISS SA\"},\"image\":{\"@id\":\"https:\\\/\\\/www.dcswiss.com\\\/de\\\/#\\\/schema\\\/logo\\\/image\\\/\"},\"sameAs\":[\"https:\\\/\\\/www.facebook.com\\\/DCSWISSsa\",\"https:\\\/\\\/www.instagram.com\\\/dcswisssa\\\/\",\"https:\\\/\\\/www.youtube.com\\\/DCswissswitzerland\",\"https:\\\/\\\/www.linkedin.com\\\/company\\\/dc-swiss-sa\\\/\"]}]}<\/script>\r\n<!-- \/ Yoast SEO plugin. -->","yoast_head_json":{"title":"\u00dcber uns - DC SWISS","robots":{"index":"index","follow":"follow","max-snippet":"max-snippet:-1","max-image-preview":"max-image-preview:large","max-video-preview":"max-video-preview:-1"},"canonical":"https:\/\/www.dcswiss.com\/de\/ueber-uns\/","og_locale":"de_DE","og_type":"article","og_title":"\u00dcber uns - DC SWISS","og_description":"Unser Versprechen Die DC SWISS SA verf\u00fcgt \u00fcber hohe Fachkompetenzen und langj\u00e4hrige Erfahrung auf dem Gebiet der Gewindeschneidtechnologie und geniesst dabei internationales Ansehen. Im Vergleich zu anderen Fertigungsarten, wie beispielsweise dem Drehen und Fr\u00e4sen, unterliegt das Gewindeschneiden komplexeren Anforderungen. Nebst den Gewindenormen beeinflussen viele fertigungstechnische Nebeneinfl\u00fcsse, wie z.B. die Spanabfuhr oder die K\u00fchlmittelzufuhr, die Konzeption [&hellip;]","og_url":"https:\/\/www.dcswiss.com\/de\/ueber-uns\/","og_site_name":"DC SWISS","article_publisher":"https:\/\/www.facebook.com\/DCSWISSsa","article_modified_time":"2022-06-17T13:56:37+00:00","og_image":[{"width":2560,"height":1707,"url":"https:\/\/www.dcswiss.com\/wp-content\/uploads\/2023\/05\/HEADER_QTAP-scaled.jpg","type":"image\/jpeg"}],"twitter_card":"summary_large_image","twitter_misc":{"Gesch\u00e4tzte Lesezeit":"1\u00a0Minute"},"schema":{"@context":"https:\/\/schema.org","@graph":[{"@type":"WebPage","@id":"https:\/\/www.dcswiss.com\/de\/ueber-uns\/","url":"https:\/\/www.dcswiss.com\/de\/ueber-uns\/","name":"\u00dcber uns - DC SWISS","isPartOf":{"@id":"https:\/\/www.dcswiss.com\/de\/#website"},"datePublished":"2020-03-27T11:58:18+00:00","dateModified":"2022-06-17T13:56:37+00:00","breadcrumb":{"@id":"https:\/\/www.dcswiss.com\/de\/ueber-uns\/#breadcrumb"},"inLanguage":"de","potentialAction":[{"@type":"ReadAction","target":["https:\/\/www.dcswiss.com\/de\/ueber-uns\/"]}]},{"@type":"BreadcrumbList","@id":"https:\/\/www.dcswiss.com\/de\/ueber-uns\/#breadcrumb","itemListElement":[{"@type":"ListItem","position":1,"name":"Home","item":"https:\/\/www.dcswiss.com\/de\/"},{"@type":"ListItem","position":2,"name":"\u00dcber uns"}]},{"@type":"WebSite","@id":"https:\/\/www.dcswiss.com\/de\/#website","url":"https:\/\/www.dcswiss.com\/de\/","name":"DC SWISS","description":"Threading Solutions","publisher":{"@id":"https:\/\/www.dcswiss.com\/de\/#organization"},"potentialAction":[{"@type":"SearchAction","target":{"@type":"EntryPoint","urlTemplate":"https:\/\/www.dcswiss.com\/de\/?s={search_term_string}"},"query-input":{"@type":"PropertyValueSpecification","valueRequired":true,"valueName":"search_term_string"}}],"inLanguage":"de"},{"@type":"Organization","@id":"https:\/\/www.dcswiss.com\/de\/#organization","name":"DC SWISS SA","url":"https:\/\/www.dcswiss.com\/de\/","logo":{"@type":"ImageObject","inLanguage":"de","@id":"https:\/\/www.dcswiss.com\/de\/#\/schema\/logo\/image\/","url":"https:\/\/www.dcswiss.com\/wp-content\/uploads\/2021\/08\/DCSwiss_Logo_RVB_2018_ThreadingSolutions-3.svg","contentUrl":"https:\/\/www.dcswiss.com\/wp-content\/uploads\/2021\/08\/DCSwiss_Logo_RVB_2018_ThreadingSolutions-3.svg","width":294,"height":192,"caption":"DC SWISS SA"},"image":{"@id":"https:\/\/www.dcswiss.com\/de\/#\/schema\/logo\/image\/"},"sameAs":["https:\/\/www.facebook.com\/DCSWISSsa","https:\/\/www.instagram.com\/dcswisssa\/","https:\/\/www.youtube.com\/DCswissswitzerland","https:\/\/www.linkedin.com\/company\/dc-swiss-sa\/"]}]}},"_links":{"self":[{"href":"https:\/\/www.dcswiss.com\/de\/wp-json\/wp\/v2\/pages\/3300","targetHints":{"allow":["GET"]}}],"collection":[{"href":"https:\/\/www.dcswiss.com\/de\/wp-json\/wp\/v2\/pages"}],"about":[{"href":"https:\/\/www.dcswiss.com\/de\/wp-json\/wp\/v2\/types\/page"}],"author":[{"embeddable":true,"href":"https:\/\/www.dcswiss.com\/de\/wp-json\/wp\/v2\/users\/2"}],"replies":[{"embeddable":true,"href":"https:\/\/www.dcswiss.com\/de\/wp-json\/wp\/v2\/comments?post=3300"}],"version-history":[{"count":2,"href":"https:\/\/www.dcswiss.com\/de\/wp-json\/wp\/v2\/pages\/3300\/revisions"}],"predecessor-version":[{"id":5991,"href":"https:\/\/www.dcswiss.com\/de\/wp-json\/wp\/v2\/pages\/3300\/revisions\/5991"}],"wp:attachment":[{"href":"https:\/\/www.dcswiss.com\/de\/wp-json\/wp\/v2\/media?parent=3300"}],"curies":[{"name":"wp","href":"https:\/\/api.w.org\/{rel}","templated":true}]}}